{"id":2,"date":"2025-12-02T10:32:35","date_gmt":"2025-12-02T10:32:35","guid":{"rendered":"https:\/\/arquimbauasesores.net\/?page_id=2"},"modified":"2025-12-12T13:47:51","modified_gmt":"2025-12-12T13:47:51","slug":"inicio","status":"publish","type":"page","link":"https:\/\/arquimbauasesores.net\/en\/","title":{"rendered":"Inicio"},"content":{"rendered":"<div class=\"wp-block-columns is-layout-flex wp-container-core-columns-is-layout-7389a5db wp-block-columns-is-layout-flex\" style=\"margin-top:0;margin-bottom:0;padding-right:0;padding-left:0\">\n<div class=\"wp-block-column is-layout-flow wp-block-column-is-layout-flow\">\n<figure class=\"wp-block-video\"><video height=\"2160\" style=\"aspect-ratio: 2160 \/ 2160;\" width=\"2160\" autoplay loop muted src=\"https:\/\/arquimbauasesores.net\/wp-content\/uploads\/2025\/12\/arquimbauasesores.mov\" playsinline><\/video><\/figure>\n<\/div>\n\n\n\n<div class=\"wp-block-column is-layout-constrained wp-block-column-is-layout-constrained\">\n<h3 class=\"wp-block-heading has-system-font-font-family\" style=\"line-height:1\">We take care of your obligations so that you can focus on what truly matters: growing your projects.<\/h3>\n\n\n\n<div class=\"wp-block-buttons is-content-justification-left is-layout-flex wp-container-core-buttons-is-layout-4286018b wp-block-buttons-is-layout-flex\">\n<div class=\"wp-block-button\"><a class=\"wp-block-button__link has-custom-color-4-color has-text-color has-background has-link-color wp-element-button\" href=\"https:\/\/arquimbauasesores.net\/en\/quienes-somos\/\" style=\"border-radius:100px;background-color:#657280\">MEET US<\/a><\/div>\n\n\n\n<div class=\"wp-block-button\"><a class=\"wp-block-button__link has-custom-color-4-background-color has-text-color has-background has-link-color has-border-color wp-element-button\" href=\"https:\/\/arquimbauasesores.net\/en\/contacto\/\" style=\"border-color:#657280;border-width:1px;border-radius:100px;color:#657280\">CONTACT US<\/a><\/div>\n<\/div>\n<\/div>\n<\/div>\n\n\n\n<div style=\"height:80px\" aria-hidden=\"true\" class=\"wp-block-spacer\"><\/div>\n\n\n\n<div class=\"wp-block-columns is-layout-flex wp-container-core-columns-is-layout-28f84493 wp-block-columns-is-layout-flex\">\n<div class=\"wp-block-column is-layout-flow wp-block-column-is-layout-flow\" style=\"flex-basis:80%\">\n<h2 class=\"wp-block-heading has-system-font-font-family\" style=\"line-height:1\">Comprehensive management and personalised support.<\/h2>\n<\/div>\n\n\n\n<div class=\"wp-block-column is-layout-flow wp-block-column-is-layout-flow\" style=\"flex-basis:20%\"><\/div>\n<\/div>\n\n\n\n<div class=\"wp-block-columns is-layout-flex wp-container-core-columns-is-layout-28f84493 wp-block-columns-is-layout-flex\">\n<div class=\"wp-block-column has-custom-color-2-background-color has-background is-layout-flow wp-container-core-column-is-layout-da4b2bce wp-block-column-is-layout-flow\" style=\"border-radius:20px;padding-top:20px;padding-right:20px;padding-bottom:20px;padding-left:20px;flex-basis:33.33%\">\n<p class=\"has-text-align-left\" style=\"text-transform:uppercase\">\u2192 Tax and Accounting<\/p>\n\n\n\n<p class=\"has-text-align-left\" style=\"line-height:1.2\">Comprehensive tax, accounting and financial planning management.<\/p>\n<\/div>\n\n\n\n<div class=\"wp-block-column has-custom-color-3-background-color has-background is-layout-flow wp-container-core-column-is-layout-da4b2bce wp-block-column-is-layout-flow\" style=\"border-radius:20px;padding-top:20px;padding-right:20px;padding-bottom:20px;padding-left:20px;flex-basis:33.33%\">\n<p class=\"has-text-align-left\" style=\"text-transform:uppercase\">\u2192 Labour<\/p>\n\n\n\n<p class=\"has-text-align-left\" style=\"line-height:1.2\">Self-employed professionals, partner firm for payroll, contracts, registrations and terminations, and advice on labour relations.<\/p>\n<\/div>\n\n\n\n<div class=\"wp-block-column has-background is-layout-flow wp-container-core-column-is-layout-da4b2bce wp-block-column-is-layout-flow\" style=\"border-radius:20px;background-color:#bbd2e9;padding-top:20px;padding-right:20px;padding-bottom:20px;padding-left:20px;flex-basis:33.33%\">\n<p class=\"has-text-align-left\" style=\"text-transform:uppercase\">\u2192 Commercial and Comprehensive Advisory Services<\/p>\n\n\n\n<p class=\"has-text-align-left\" style=\"line-height:1.2\">Ongoing support in decision-making, searching for grants and optimising resources.<\/p>\n<\/div>\n<\/div>\n\n\n\n<div style=\"height:80px\" aria-hidden=\"true\" class=\"wp-block-spacer\"><\/div>\n\n\n\n<div class=\"wp-block-columns is-layout-flex wp-container-core-columns-is-layout-28f84493 wp-block-columns-is-layout-flex\">\n<div class=\"wp-block-column is-layout-flow wp-container-core-column-is-layout-8a368f38 wp-block-column-is-layout-flow\" style=\"border-radius:0px;font-style:normal;font-weight:300;flex-basis:15%\">\n<div class=\"wp-block-buttons is-layout-flex wp-block-buttons-is-layout-flex\">\n<div class=\"wp-block-button\"><a class=\"wp-block-button__link has-foreground-color has-background-background-color has-text-color has-background has-link-color has-system-font-font-family has-custom-font-size wp-element-button\" style=\"border-radius:100px;padding-top:35px;padding-right:48px;padding-bottom:35px;padding-left:48px;font-size:39px\">\u2192<\/a><\/div>\n<\/div>\n<\/div>\n\n\n\n<div class=\"wp-block-column is-layout-flow wp-block-column-is-layout-flow\" style=\"flex-basis:85%\">\n<h2 class=\"wp-block-heading\" style=\"font-size:65px;font-style:normal;font-weight:300;line-height:0.9\">More than a consultancy<\/h2>\n\n\n\n<p style=\"font-size:25px;line-height:1.2\">In a constantly changing environment, you need a team that offers you confidence and agility.&nbsp;<br>Our commitment is to stand by your side, anticipate changes and help you meet all your obligations safely and easily.<\/p>\n<\/div>\n<\/div>\n\n\n\n<div style=\"height:40px\" aria-hidden=\"true\" class=\"wp-block-spacer\"><\/div>\n\n\n\n<figure class=\"wp-block-video\"><video height=\"2160\" style=\"aspect-ratio: 4096 \/ 2160;\" width=\"4096\" autoplay loop muted src=\"https:\/\/arquimbauasesores.net\/wp-content\/uploads\/2025\/12\/arquimbauasesores-1.mp4\" playsinline><\/video><\/figure>\n\n\n\n<div style=\"height:40px\" aria-hidden=\"true\" class=\"wp-block-spacer\"><\/div>\n\n\n\n<div class=\"wp-block-columns is-layout-flex wp-container-core-columns-is-layout-28f84493 wp-block-columns-is-layout-flex\">\n<div class=\"wp-block-column is-layout-flow wp-block-column-is-layout-flow\" style=\"flex-basis:33.33%\">\n<h2 class=\"wp-block-heading has-system-font-font-family\" style=\"line-height:1\">A personalised and approachable service<\/h2>\n<\/div>\n\n\n\n<div class=\"wp-block-column is-layout-flow wp-block-column-is-layout-flow\" style=\"flex-basis:66.66%\">\n<h4 class=\"wp-block-heading has-source-serif-pro-font-family\" style=\"line-height:1\">Extensive experience with companies and the self-employed. Use of secure digital tools. Commitment to continuous improvement and ongoing training. Clear, jargon-free communication.<\/h4>\n<\/div>\n<\/div>\n\n\n\n<div style=\"height:40px\" aria-hidden=\"true\" class=\"wp-block-spacer\"><\/div>\n\n\n\n<div class=\"wp-block-columns alignwide are-vertically-aligned-top is-not-stacked-on-mobile is-layout-flex wp-container-core-columns-is-layout-08c01c1c wp-block-columns-is-layout-flex\">\n<div class=\"wp-block-column is-vertically-aligned-top is-layout-constrained wp-block-column-is-layout-constrained\">\n<div class=\"wp-block-group wp-container-content-231d8afb is-vertical is-content-justification-left is-nowrap is-layout-flex wp-container-core-group-is-layout-d439c89b wp-block-group-is-layout-flex\" style=\"margin-top:0;margin-bottom:0\">\n<figure class=\"wp-block-image size-large wp-container-content-0733e5d0\"><img loading=\"lazy\" decoding=\"async\" width=\"768\" height=\"1024\" src=\"https:\/\/arquimbauasesores.net\/wp-content\/uploads\/2025\/12\/arquimbauasesores-6-1-768x1024.jpg\" alt=\"\" class=\"wp-image-241\" srcset=\"https:\/\/arquimbauasesores.net\/wp-content\/uploads\/2025\/12\/arquimbauasesores-6-1-768x1024.jpg 768w, https:\/\/arquimbauasesores.net\/wp-content\/uploads\/2025\/12\/arquimbauasesores-6-1-225x300.jpg 225w, https:\/\/arquimbauasesores.net\/wp-content\/uploads\/2025\/12\/arquimbauasesores-6-1-1152x1536.jpg 1152w, https:\/\/arquimbauasesores.net\/wp-content\/uploads\/2025\/12\/arquimbauasesores-6-1-1536x2048.jpg 1536w, https:\/\/arquimbauasesores.net\/wp-content\/uploads\/2025\/12\/arquimbauasesores-6-1-scaled.jpg 1920w\" sizes=\"auto, (max-width: 768px) 100vw, 768px\" \/><\/figure>\n<\/div>\n<\/div>\n\n\n\n<div class=\"wp-block-column is-vertically-aligned-top is-layout-constrained wp-block-column-is-layout-constrained\">\n<div class=\"wp-block-group wp-container-content-231d8afb is-vertical is-layout-flex wp-container-core-group-is-layout-05b43539 wp-block-group-is-layout-flex\" style=\"margin-top:0;margin-bottom:0\">\n<div class=\"wp-block-group is-vertical is-nowrap is-layout-flex wp-container-core-group-is-layout-5280e479 wp-block-group-is-layout-flex\">\n<div style=\"height:0px\" aria-hidden=\"true\" class=\"wp-block-spacer wp-container-content-f96796aa\"><\/div>\n<\/div>\n\n\n\n<figure class=\"wp-block-image size-large\" style=\"font-size:14px\"><img loading=\"lazy\" decoding=\"async\" width=\"768\" height=\"1024\" src=\"https:\/\/arquimbauasesores.net\/wp-content\/uploads\/2025\/12\/arquimbauasesores-5-1-768x1024.jpg\" alt=\"\" class=\"wp-image-240\" srcset=\"https:\/\/arquimbauasesores.net\/wp-content\/uploads\/2025\/12\/arquimbauasesores-5-1-768x1024.jpg 768w, https:\/\/arquimbauasesores.net\/wp-content\/uploads\/2025\/12\/arquimbauasesores-5-1-225x300.jpg 225w, https:\/\/arquimbauasesores.net\/wp-content\/uploads\/2025\/12\/arquimbauasesores-5-1-1152x1536.jpg 1152w, https:\/\/arquimbauasesores.net\/wp-content\/uploads\/2025\/12\/arquimbauasesores-5-1-1536x2048.jpg 1536w, https:\/\/arquimbauasesores.net\/wp-content\/uploads\/2025\/12\/arquimbauasesores-5-1-scaled.jpg 1920w\" sizes=\"auto, (max-width: 768px) 100vw, 768px\" \/><\/figure>\n<\/div>\n<\/div>\n<\/div>\n\n\n\n<div style=\"height:100px\" aria-hidden=\"true\" class=\"wp-block-spacer\"><\/div>\n\n\n\n<h2 class=\"wp-block-heading has-text-align-center\">Easier and more efficient management<\/h2>\n\n\n\n<h4 class=\"wp-block-heading has-text-align-center has-system-font-font-family\">Tell us what you need and we will get back to you with a proposal tailored to your case.<br>We're here to help your business grow without worries.&nbsp;<\/h4>\n\n\n\n<div class=\"wp-block-buttons is-content-justification-center is-layout-flex wp-container-core-buttons-is-layout-a89b3969 wp-block-buttons-is-layout-flex\">\n<div class=\"wp-block-button\"><a class=\"wp-block-button__link has-custom-color-1-color has-text-color has-background has-link-color wp-element-button\" href=\"https:\/\/arquimbauasesores.net\/en\/contacto\/\" style=\"border-radius:100px;background-color:#bbd2e9;padding-right:var(--wp--preset--spacing--70);padding-left:var(--wp--preset--spacing--70)\">CONTACT US<\/a><\/div>\n<\/div>","protected":false},"excerpt":{"rendered":"<p>Nos encargamos de sus obligaciones para que usted pueda centrarse en lo importante: hacer crecer sus proyectos. Gesti\u00f3n completa y acompa\u00f1amiento personalizado. \u2192 Fiscal y Contable Gesti\u00f3n completa de impuestos, contabilidad y planificaci\u00f3n financiera. \u2192 Laboral Aut\u00f3nomos, despacho colaborador para n\u00f3minas, contratos, altas y bajas, asesoramiento&nbsp;en relaciones laborales. \u2192 MERCANTIL Y Asesoramiento integral Apoyo continuo [&hellip;]<\/p>\n","protected":false},"author":1,"featured_media":0,"parent":0,"menu_order":0,"comment_status":"closed","ping_status":"closed","template":"page-large-header","meta":{"footnotes":""},"class_list":["post-2","page","type-page","status-publish","hentry"],"yoast_head":"<!-- This site is optimized with the Yoast SEO plugin v27.5 - https:\/\/yoast.com\/product\/yoast-seo-wordpress\/ -->\n<title>Inicio - ARQUIMBAU ASESORES | Asesor&iacute;a Fiscal, Contable, Laboral y Mercantil<\/title>\n<meta name=\"description\" content=\"ARQUIMBAU ASESORES ofrece servicios integrales de asesor\u00eda fiscal, contable, laboral y mercantil con atenci\u00f3n personalizada para aut\u00f3nomos, empresas y particulares.\" \/>\n<meta name=\"robots\" content=\"index, follow, max-snippet:-1, max-image-preview:large, max-video-preview:-1\" \/>\n<link rel=\"canonical\" href=\"https:\/\/arquimbauasesores.net\/en\/\" \/>\n<meta property=\"og:locale\" content=\"en_GB\" \/>\n<meta property=\"og:type\" content=\"article\" \/>\n<meta property=\"og:title\" content=\"Inicio - ARQUIMBAU ASESORES | Asesor&iacute;a Fiscal, Contable, Laboral y Mercantil\" \/>\n<meta property=\"og:description\" content=\"ARQUIMBAU ASESORES ofrece servicios integrales de asesor\u00eda fiscal, contable, laboral y mercantil con atenci\u00f3n personalizada para aut\u00f3nomos, empresas y particulares.\" \/>\n<meta property=\"og:url\" content=\"https:\/\/arquimbauasesores.net\/en\/\" \/>\n<meta property=\"og:site_name\" content=\"ARQUIMBAU ASESORES | Asesor&iacute;a Fiscal, Contable, Laboral y Mercantil\" \/>\n<meta property=\"article:modified_time\" content=\"2025-12-12T13:47:51+00:00\" \/>\n<meta property=\"og:image\" content=\"https:\/\/arquimbauasesores.net\/wp-content\/uploads\/2025\/12\/arquimbauasesores-6-1-scaled.jpg\" \/>\n\t<meta property=\"og:image:width\" content=\"1920\" \/>\n\t<meta property=\"og:image:height\" content=\"2560\" \/>\n\t<meta property=\"og:image:type\" content=\"image\/jpeg\" \/>\n<meta name=\"twitter:card\" content=\"summary_large_image\" \/>\n<meta name=\"twitter:label1\" content=\"Estimated reading time\" \/>\n\t<meta name=\"twitter:data1\" content=\"2 minutes\" \/>\n<script type=\"application\/ld+json\" class=\"yoast-schema-graph\">{\"@context\":\"https:\\\/\\\/schema.org\",\"@graph\":[{\"@type\":\"WebPage\",\"@id\":\"https:\\\/\\\/arquimbauasesores.net\\\/\",\"url\":\"https:\\\/\\\/arquimbauasesores.net\\\/\",\"name\":\"Inicio - ARQUIMBAU ASESORES | Asesor&iacute;a Fiscal, Contable, Laboral y Mercantil\",\"isPartOf\":{\"@id\":\"https:\\\/\\\/arquimbauasesores.net\\\/#website\"},\"primaryImageOfPage\":{\"@id\":\"https:\\\/\\\/arquimbauasesores.net\\\/#primaryimage\"},\"image\":{\"@id\":\"https:\\\/\\\/arquimbauasesores.net\\\/#primaryimage\"},\"thumbnailUrl\":\"https:\\\/\\\/arquimbauasesores.net\\\/wp-content\\\/uploads\\\/2025\\\/12\\\/arquimbauasesores-6-1-768x1024.jpg\",\"datePublished\":\"2025-12-02T10:32:35+00:00\",\"dateModified\":\"2025-12-12T13:47:51+00:00\",\"description\":\"ARQUIMBAU ASESORES ofrece servicios integrales de asesor\u00eda fiscal, contable, laboral y mercantil con atenci\u00f3n personalizada para aut\u00f3nomos, empresas y particulares.\",\"breadcrumb\":{\"@id\":\"https:\\\/\\\/arquimbauasesores.net\\\/#breadcrumb\"},\"inLanguage\":\"en-GB\",\"potentialAction\":[{\"@type\":\"ReadAction\",\"target\":[\"https:\\\/\\\/arquimbauasesores.net\\\/\"]}]},{\"@type\":\"ImageObject\",\"inLanguage\":\"en-GB\",\"@id\":\"https:\\\/\\\/arquimbauasesores.net\\\/#primaryimage\",\"url\":\"https:\\\/\\\/arquimbauasesores.net\\\/wp-content\\\/uploads\\\/2025\\\/12\\\/arquimbauasesores-6-1-768x1024.jpg\",\"contentUrl\":\"https:\\\/\\\/arquimbauasesores.net\\\/wp-content\\\/uploads\\\/2025\\\/12\\\/arquimbauasesores-6-1-768x1024.jpg\"},{\"@type\":\"BreadcrumbList\",\"@id\":\"https:\\\/\\\/arquimbauasesores.net\\\/#breadcrumb\",\"itemListElement\":[{\"@type\":\"ListItem\",\"position\":1,\"name\":\"Portada\",\"item\":\"https:\\\/\\\/arquimbauasesores.net\\\/\"},{\"@type\":\"ListItem\",\"position\":2,\"name\":\"Inicio\"}]},{\"@type\":\"WebSite\",\"@id\":\"https:\\\/\\\/arquimbauasesores.net\\\/#website\",\"url\":\"https:\\\/\\\/arquimbauasesores.net\\\/\",\"name\":\"Arquimbau Asesores\",\"description\":\"Despacho especialista en asesor&iacute;a fiscal, mercantil, contable y laboral para aut&oacute;nomos, empresas y particulares\",\"potentialAction\":[{\"@type\":\"SearchAction\",\"target\":{\"@type\":\"EntryPoint\",\"urlTemplate\":\"https:\\\/\\\/arquimbauasesores.net\\\/?s={search_term_string}\"},\"query-input\":{\"@type\":\"PropertyValueSpecification\",\"valueRequired\":true,\"valueName\":\"search_term_string\"}}],\"inLanguage\":\"en-GB\"}]}<\/script>\n<!-- \/ Yoast SEO plugin. -->","yoast_head_json":{"title":"Inicio - ARQUIMBAU ASESORES | Asesor&iacute;a Fiscal, Contable, Laboral y Mercantil","description":"ARQUIMBAU ASESORES ofrece servicios integrales de asesor\u00eda fiscal, contable, laboral y mercantil con atenci\u00f3n personalizada para aut\u00f3nomos, empresas y particulares.","robots":{"index":"index","follow":"follow","max-snippet":"max-snippet:-1","max-image-preview":"max-image-preview:large","max-video-preview":"max-video-preview:-1"},"canonical":"https:\/\/arquimbauasesores.net\/en\/","og_locale":"en_GB","og_type":"article","og_title":"Inicio - ARQUIMBAU ASESORES | Asesor&iacute;a Fiscal, Contable, Laboral y Mercantil","og_description":"ARQUIMBAU ASESORES ofrece servicios integrales de asesor\u00eda fiscal, contable, laboral y mercantil con atenci\u00f3n personalizada para aut\u00f3nomos, empresas y particulares.","og_url":"https:\/\/arquimbauasesores.net\/en\/","og_site_name":"ARQUIMBAU ASESORES | Asesor&iacute;a Fiscal, Contable, Laboral y Mercantil","article_modified_time":"2025-12-12T13:47:51+00:00","og_image":[{"width":1920,"height":2560,"url":"https:\/\/arquimbauasesores.net\/wp-content\/uploads\/2025\/12\/arquimbauasesores-6-1-scaled.jpg","type":"image\/jpeg"}],"twitter_card":"summary_large_image","twitter_misc":{"Estimated reading time":"2 minutes"},"schema":{"@context":"https:\/\/schema.org","@graph":[{"@type":"WebPage","@id":"https:\/\/arquimbauasesores.net\/","url":"https:\/\/arquimbauasesores.net\/","name":"Inicio - ARQUIMBAU ASESORES | Asesor&iacute;a Fiscal, Contable, Laboral y Mercantil","isPartOf":{"@id":"https:\/\/arquimbauasesores.net\/#website"},"primaryImageOfPage":{"@id":"https:\/\/arquimbauasesores.net\/#primaryimage"},"image":{"@id":"https:\/\/arquimbauasesores.net\/#primaryimage"},"thumbnailUrl":"https:\/\/arquimbauasesores.net\/wp-content\/uploads\/2025\/12\/arquimbauasesores-6-1-768x1024.jpg","datePublished":"2025-12-02T10:32:35+00:00","dateModified":"2025-12-12T13:47:51+00:00","description":"ARQUIMBAU ASESORES ofrece servicios integrales de asesor\u00eda fiscal, contable, laboral y mercantil con atenci\u00f3n personalizada para aut\u00f3nomos, empresas y particulares.","breadcrumb":{"@id":"https:\/\/arquimbauasesores.net\/#breadcrumb"},"inLanguage":"en-GB","potentialAction":[{"@type":"ReadAction","target":["https:\/\/arquimbauasesores.net\/"]}]},{"@type":"ImageObject","inLanguage":"en-GB","@id":"https:\/\/arquimbauasesores.net\/#primaryimage","url":"https:\/\/arquimbauasesores.net\/wp-content\/uploads\/2025\/12\/arquimbauasesores-6-1-768x1024.jpg","contentUrl":"https:\/\/arquimbauasesores.net\/wp-content\/uploads\/2025\/12\/arquimbauasesores-6-1-768x1024.jpg"},{"@type":"BreadcrumbList","@id":"https:\/\/arquimbauasesores.net\/#breadcrumb","itemListElement":[{"@type":"ListItem","position":1,"name":"Portada","item":"https:\/\/arquimbauasesores.net\/"},{"@type":"ListItem","position":2,"name":"Inicio"}]},{"@type":"WebSite","@id":"https:\/\/arquimbauasesores.net\/#website","url":"https:\/\/arquimbauasesores.net\/","name":"Arquimbau Asesores","description":"Despacho especialista en asesor&iacute;a fiscal, mercantil, contable y laboral para aut&oacute;nomos, empresas y particulares","potentialAction":[{"@type":"SearchAction","target":{"@type":"EntryPoint","urlTemplate":"https:\/\/arquimbauasesores.net\/?s={search_term_string}"},"query-input":{"@type":"PropertyValueSpecification","valueRequired":true,"valueName":"search_term_string"}}],"inLanguage":"en-GB"}]}},"_links":{"self":[{"href":"https:\/\/arquimbauasesores.net\/en\/wp-json\/wp\/v2\/pages\/2","targetHints":{"allow":["GET"]}}],"collection":[{"href":"https:\/\/arquimbauasesores.net\/en\/wp-json\/wp\/v2\/pages"}],"about":[{"href":"https:\/\/arquimbauasesores.net\/en\/wp-json\/wp\/v2\/types\/page"}],"author":[{"embeddable":true,"href":"https:\/\/arquimbauasesores.net\/en\/wp-json\/wp\/v2\/users\/1"}],"replies":[{"embeddable":true,"href":"https:\/\/arquimbauasesores.net\/en\/wp-json\/wp\/v2\/comments?post=2"}],"version-history":[{"count":95,"href":"https:\/\/arquimbauasesores.net\/en\/wp-json\/wp\/v2\/pages\/2\/revisions"}],"predecessor-version":[{"id":342,"href":"https:\/\/arquimbauasesores.net\/en\/wp-json\/wp\/v2\/pages\/2\/revisions\/342"}],"wp:attachment":[{"href":"https:\/\/arquimbauasesores.net\/en\/wp-json\/wp\/v2\/media?parent=2"}],"curies":[{"name":"wp","href":"https:\/\/api.w.org\/{rel}","templated":true}]}}