{"id":16,"date":"2025-12-03T16:12:31","date_gmt":"2025-12-03T16:12:31","guid":{"rendered":"https:\/\/arquimbauasesores.net\/?page_id=16"},"modified":"2025-12-12T10:48:56","modified_gmt":"2025-12-12T10:48:56","slug":"contacto","status":"publish","type":"page","link":"https:\/\/arquimbauasesores.net\/en\/contacto\/","title":{"rendered":"Contact"},"content":{"rendered":"<div class=\"wp-block-columns is-layout-flex wp-container-core-columns-is-layout-28f84493 wp-block-columns-is-layout-flex\">\n<div class=\"wp-block-column is-layout-flow wp-block-column-is-layout-flow\">\n<h2 class=\"wp-block-heading has-system-font-font-family\" style=\"line-height:1.1\">Book your appointment or enquire with no obligation<\/h2>\n<\/div>\n\n\n\n<div class=\"wp-block-column is-layout-flow wp-container-core-column-is-layout-47e5a185 wp-block-column-is-layout-flow\">\n<form method=\"post\" class=\"wp-block-gutena-forms gutena-forms-contact-form gutena_forms_ID_f8508d639d8_412202521654 after_submit_message has-foreground-color has-text-color has-link-color wp-elements-ba401ef8186548f71119903005ae4ee6 is-layout-flow wp-container-gutena-forms-is-layout-b15f4bf2 wp-block-gutena-forms-is-layout-flow\" action=\"\"><input type=\"hidden\" name=\"formid\" value=\"gutena_forms_ID_f8508d639d8_412202521654\"\/>\n<div class=\"wp-block-gutena-field-group  field-group-type-text is-layout-flow wp-block-gutena-field-group-is-layout-flow\">\n<div class=\"wp-block-group is-vertical is-layout-flex wp-container-core-group-is-layout-501cef26 wp-block-group-is-layout-flex\">\n<h3 class=\"wp-block-heading heading-input-label-gutena has-system-font-font-family\" style=\"text-transform:uppercase\">Name<\/h3>\n\n\n<div style=\"border-radius:100px;\" class=\"gutena-forms-text-field field-name-first_name  wp-block-gutena-form-field\"><input\n\t\t\t\tid=\"first_name\"\n\t\t\t\t name=\"first_name\" type=\"text\" class=\"gutena-forms-field text-field required-field\" placeholder=\"Enter your name\"  required\n\t\t\t\t\t\t\/><\/div><\/div>\n\n\n\n<p class=\"gutena-forms-field-error-msg\"><\/p>\n<\/div>\n\n\n\n<div class=\"wp-block-gutena-field-group  field-group-type-text is-layout-flow wp-block-gutena-field-group-is-layout-flow\">\n<div class=\"wp-block-group is-vertical is-layout-flex wp-container-core-group-is-layout-501cef26 wp-block-group-is-layout-flex\">\n<h3 class=\"wp-block-heading heading-input-label-gutena has-system-font-font-family\" style=\"text-transform:uppercase\">Surname<\/h3>\n\n\n<div style=\"border-radius:100px;\" class=\"gutena-forms-text-field field-name-last_name  wp-block-gutena-form-field\"><input\n\t\t\t\tid=\"last_name\"\n\t\t\t\t name=\"last_name\" type=\"text\" class=\"gutena-forms-field text-field required-field\" placeholder=\"Enter your surname\"  required\n\t\t\t\t\t\t\/><\/div><\/div>\n\n\n\n<p class=\"gutena-forms-field-error-msg\"><\/p>\n<\/div>\n\n\n\n<div class=\"wp-block-gutena-field-group  field-group-type-email is-layout-flow wp-block-gutena-field-group-is-layout-flow\">\n<div class=\"wp-block-group is-vertical is-layout-flex wp-container-core-group-is-layout-501cef26 wp-block-group-is-layout-flex\">\n<h3 class=\"wp-block-heading heading-input-label-gutena has-system-font-font-family\" style=\"text-transform:uppercase\">Email<\/h3>\n\n\n<div style=\"border-radius:100px;\" class=\"gutena-forms-email-field field-name-email  wp-block-gutena-form-field\"><input\n\t\t\t\tid=\"email\"\n\t\t\t\t name=\"email\" type=\"email\" class=\"gutena-forms-field email-field required-field\" placeholder=\"example@gmail.com\"  required\n\t\t\t\t\t\t\/><\/div><\/div>\n\n\n\n<p class=\"gutena-forms-field-error-msg\"><\/p>\n<\/div>\n\n\n\n<div class=\"wp-block-gutena-field-group  field-group-type-text is-layout-flow wp-block-gutena-field-group-is-layout-flow\">\n<div class=\"wp-block-group is-vertical is-layout-flex wp-container-core-group-is-layout-501cef26 wp-block-group-is-layout-flex\">\n<h3 class=\"wp-block-heading heading-input-label-gutena has-system-font-font-family\" style=\"text-transform:uppercase\">Subject<\/h3>\n\n\n<div style=\"border-radius:100px;\" class=\"gutena-forms-text-field field-name-subject  wp-block-gutena-form-field\"><input\n\t\t\t\tid=\"subject\"\n\t\t\t\t name=\"subject\" type=\"text\" class=\"gutena-forms-field text-field required-field\" placeholder=\"Subject\"  required\n\t\t\t\t\t\t\/><\/div><\/div>\n\n\n\n<p class=\"gutena-forms-field-error-msg\"><\/p>\n<\/div>\n\n\n\n<div class=\"wp-block-gutena-field-group  field-group-type-textarea is-layout-flow wp-block-gutena-field-group-is-layout-flow\">\n<div class=\"wp-block-group is-vertical is-layout-flex wp-container-core-group-is-layout-501cef26 wp-block-group-is-layout-flex\">\n<h3 class=\"wp-block-heading heading-input-label-gutena has-system-font-font-family\" style=\"text-transform:uppercase\">Message<\/h3>\n\n\n<div style=\"border-radius:20px;\" class=\"gutena-forms-textarea-field field-name-message  wp-block-gutena-form-field\"><textarea\n\t\t\t\tid=\"message\"\n\t\t\t\t name=\"message\" rows=\"5\" class=\"gutena-forms-field textarea-field required-field\" placeholder=\"Enter your message\"  required\n\t\t\t\t><\/textarea><\/div><\/div>\n\n\n\n<p class=\"gutena-forms-field-error-msg\"><\/p>\n<\/div>\n\n\n\n<div class=\"wp-block-buttons gutena-forms-submit-buttons is-content-justification-right is-layout-flex wp-container-core-buttons-is-layout-d445cf74 wp-block-buttons-is-layout-flex\">\n<div class=\"wp-block-button gutena-forms-submit-button\"><button class=\"wp-block-button__link has-custom-color-2-background-color has-background wp-element-button\" style=\"border-radius:100px;padding-right:var(--wp--preset--spacing--80);padding-left:var(--wp--preset--spacing--80)\">SEND<\/button><\/div>\n<\/div>\n\n\n\n<div class=\"wp-block-gutena-form-confirm-msg is-layout-flow wp-block-gutena-form-confirm-msg-is-layout-flow\">\n<div class=\"wp-block-group has-background is-content-justification-left is-nowrap is-layout-flex wp-container-core-group-is-layout-385d3396 wp-block-group-is-layout-flex\" style=\"border-radius:5px;background-color:#d8eacc;padding-top:12px;padding-right:12px;padding-bottom:12px;padding-left:12px\">\n<figure class=\"wp-block-image size-large form-message-icon\"><img decoding=\"async\" src=\"data:image\/svg+xml;base64,PHN2ZyB3aWR0aD0iMTYiIGhlaWdodD0iMTYiIHZpZXdCb3g9IjAgMCAxNiAxNiIgZmlsbD0ibm9uZSIgeG1sbnM9Imh0dHA6Ly93d3cudzMub3JnLzIwMDAvc3ZnIj4NCjxwYXRoIGQ9Ik04IDE2QzMuNTgxNiAxNiAwIDEyLjQxODQgMCA4QzAgMy41ODE2IDMuNTgxNiAwIDggMEMxMi40MTg0IDAgMTYgMy41ODE2IDE2IDhDMTYgMTIuNDE4NCAxMi40MTg0IDE2IDggMTZaTTggMTQuNEM5LjY5NzM5IDE0LjQgMTEuMzI1MyAxMy43MjU3IDEyLjUyNTUgMTIuNTI1NUMxMy43MjU3IDExLjMyNTMgMTQuNCA5LjY5NzM5IDE0LjQgOEMxNC40IDYuMzAyNjEgMTMuNzI1NyA0LjY3NDc1IDEyLjUyNTUgMy40NzQ1MkMxMS4zMjUzIDIuMjc0MjggOS42OTczOSAxLjYgOCAxLjZDNi4zMDI2MSAxLjYgNC42NzQ3NSAyLjI3NDI4IDMuNDc0NTIgMy40NzQ1MkMyLjI3NDI4IDQuNjc0NzUgMS42IDYuMzAyNjEgMS42IDhDMS42IDkuNjk3MzkgMi4yNzQyOCAxMS4zMjUzIDMuNDc0NTIgMTIuNTI1NUM0LjY3NDc1IDEzLjcyNTcgNi4zMDI2MSAxNC40IDggMTQuNFpNNy4yMDI0IDExLjJMMy44MDggNy44MDU2TDQuOTM5MiA2LjY3NDRMNy4yMDI0IDguOTM3NkwxMS43MjcyIDQuNDEyTDEyLjg1OTIgNS41NDMyTDcuMjAyNCAxMS4yWiIgZmlsbD0iIzQ2ODQxRSIvPg0KPC9zdmc+DQo=\" alt=\"Success\" class=\"wp-image-3811\"\/><\/figure>\n\n\n\n<p class=\"has-black-color has-text-color has-tiny-font-size\" style=\"font-size:12px;font-style:normal;font-weight:500;line-height:1.2\">Your form has been submitted successfully!<\/p>\n<\/div>\n<\/div>\n\n\n\n<div class=\"wp-block-gutena-form-error-msg is-layout-flow wp-block-gutena-form-error-msg-is-layout-flow\">\n<div class=\"wp-block-group has-background is-content-justification-left is-nowrap is-layout-flex wp-container-core-group-is-layout-385d3396 wp-block-group-is-layout-flex\" style=\"border-radius:5px;background-color:#ffd3d3;padding-top:12px;padding-right:12px;padding-bottom:12px;padding-left:12px\">\n<figure class=\"wp-block-image size-large form-message-icon\"><img decoding=\"async\" src=\"data:image\/svg+xml;base64,PHN2ZyB3aWR0aD0iMTYiIGhlaWdodD0iMTYiIHZpZXdCb3g9IjAgMCAxNiAxNiIgZmlsbD0ibm9uZSIgeG1sbnM9Imh0dHA6Ly93d3cudzMub3JnLzIwMDAvc3ZnIj4NCjxwYXRoIGQ9Ik04IDE2QzMuNTgxNiAxNiAwIDEyLjQxODQgMCA4QzAgMy41ODE2IDMuNTgxNiAwIDggMEMxMi40MTg0IDAgMTYgMy41ODE2IDE2IDhDMTYgMTIuNDE4NCAxMi40MTg0IDE2IDggMTZaTTggMTQuNEM5LjY5NzM5IDE0LjQgMTEuMzI1MyAxMy43MjU3IDEyLjUyNTUgMTIuNTI1NUMxMy43MjU3IDExLjMyNTMgMTQuNCA5LjY5NzM5IDE0LjQgOEMxNC40IDYuMzAyNjEgMTMuNzI1NyA0LjY3NDc1IDEyLjUyNTUgMy40NzQ1MkMxMS4zMjUzIDIuMjc0MjggOS42OTczOSAxLjYgOCAxLjZDNi4zMDI2MSAxLjYgNC42NzQ3NSAyLjI3NDI4IDMuNDc0NTIgMy40NzQ1MkMyLjI3NDI4IDQuNjc0NzUgMS42IDYuMzAyNjEgMS42IDhDMS42IDkuNjk3MzkgMi4yNzQyOCAxMS4zMjUzIDMuNDc0NTIgMTIuNTI1NUM0LjY3NDc1IDEzLjcyNTcgNi4zMDI2MSAxNC40IDggMTQuNFpNNy4yIDEwLjRIOC44VjEySDcuMlYxMC40Wk03LjIgNEg4LjhWOC44SDcuMlY0WiIgZmlsbD0iI0M1MTkxOSIvPg0KPC9zdmc+DQo=\" alt=\"Error\" class=\"wp-image-3811\"\/><\/figure>\n\n\n\n<p class=\"gutena-forms-error-text has-black-color has-text-color\" style=\"font-size:12px;font-style:normal;font-weight:500;line-height:1.2\">Sorry! Your form was not submitted properly. Please check the errors above.<\/p>\n<\/div>\n<\/div>\n<input type=\"hidden\" name=\"trp-form-language\" value=\"en\"\/><\/form>\n<\/div>\n<\/div>\n\n\n\n<div style=\"height:20px\" aria-hidden=\"true\" class=\"wp-block-spacer\"><\/div>\n\n\n\n<div class=\"wp-block-columns is-layout-flex wp-container-core-columns-is-layout-28f84493 wp-block-columns-is-layout-flex\">\n<div class=\"wp-block-column is-layout-flow wp-container-core-column-is-layout-22223934 wp-block-column-is-layout-flow\" style=\"flex-basis:50%\">\n<h4 class=\"wp-block-heading has-system-font-font-family\" style=\"line-height:1.1\">You can also contact us through:<\/h4>\n\n\n\n<div style=\"height:20px\" aria-hidden=\"true\" class=\"wp-block-spacer\"><\/div>\n\n\n\n<p style=\"line-height:1.2\">Telephone: <a href=\"tel:963512960\">963512960<\/a><\/p>\n\n\n\n<p style=\"line-height:1.2\">Email: <a href=\"mailto:arquimbau@coev.com\">arquimbau@coev.com<\/a><\/p>\n\n\n\n<p style=\"line-height:1.2\">Customer service hours: Monday to Thursday from 08:30 to 14:00 and from 16:00 to 18:00, and Fridays from 08:30 to 14:00.&nbsp;<\/p>\n\n\n\n<div style=\"height:20px\" aria-hidden=\"true\" class=\"wp-block-spacer\"><\/div>\n\n\n\n<p style=\"line-height:1.2\">C\/ Conde Salvatierra, n\u00ba 34 \u2013 Pta. 4. 46004 Valencia<\/p>\n<\/div>\n\n\n\n<div class=\"wp-block-column is-layout-flow wp-container-core-column-is-layout-8a368f38 wp-block-column-is-layout-flow\" style=\"flex-basis:50%\">\n<div class=\"wp-block-gmap-gmap-block gmap-block-2ae591ym\"><iframe src=\"https:\/\/maps.google.com\/maps?q=C%2F+Conde+Salvatierra%2C+n%C2%BA+34+%E2%80%93+Pta.+4.+46004+Valencia&amp;z=10&amp;t=roadmap&amp;output=embed\" class=\"embd-map\" title=\"C\/ Conde Salvatierra, n\u00ba 34 \u2013 Pta. 4. 46004 Valencia\"><\/iframe><\/div>\n<\/div>\n<\/div>","protected":false},"excerpt":{"rendered":"<p>Pida su cita o consulte sin compromiso Tambi\u00e9n puede contactar con nosotros a trav\u00e9s de: Tel\u00e9fono: 963512960 Correo: arquimbau@coev.com Horario de atenci\u00f3n: de lunes a jueves de 08:30 h. a 14:00 h. y de 16:00 h. a 18:00 h, los viernes de 08:30 h. a 14:00 h.&nbsp; C\/ Conde Salvatierra, n\u00ba 34 \u2013 Pta. 4. [&hellip;]<\/p>\n","protected":false},"author":2,"featured_media":0,"parent":0,"menu_order":0,"comment_status":"closed","ping_status":"closed","template":"","meta":{"footnotes":""},"class_list":["post-16","page","type-page","status-publish","hentry"],"yoast_head":"<!-- This site is optimized with the Yoast SEO plugin v27.5 - https:\/\/yoast.com\/product\/yoast-seo-wordpress\/ -->\n<title>Contacto - ARQUIMBAU ASESORES | Asesor&iacute;a Fiscal, Contable, Laboral y Mercantil<\/title>\n<meta name=\"description\" content=\"Contacta con ARQUIMBAU ASESORES para recibir asesor\u00eda fiscal, contable, laboral y mercantil. Atenci\u00f3n profesional para aut\u00f3nomos, empresas y particulares.\" \/>\n<meta name=\"robots\" content=\"index, follow, max-snippet:-1, max-image-preview:large, max-video-preview:-1\" \/>\n<link rel=\"canonical\" href=\"https:\/\/arquimbauasesores.net\/en\/contacto\/\" \/>\n<meta property=\"og:locale\" content=\"en_GB\" \/>\n<meta property=\"og:type\" content=\"article\" \/>\n<meta property=\"og:title\" content=\"Contacto - ARQUIMBAU ASESORES | Asesor&iacute;a Fiscal, Contable, Laboral y Mercantil\" \/>\n<meta property=\"og:description\" content=\"Contacta con ARQUIMBAU ASESORES para recibir asesor\u00eda fiscal, contable, laboral y mercantil. Atenci\u00f3n profesional para aut\u00f3nomos, empresas y particulares.\" \/>\n<meta property=\"og:url\" content=\"https:\/\/arquimbauasesores.net\/en\/contacto\/\" \/>\n<meta property=\"og:site_name\" content=\"ARQUIMBAU ASESORES | Asesor&iacute;a Fiscal, Contable, Laboral y Mercantil\" \/>\n<meta property=\"article:modified_time\" content=\"2025-12-12T10:48:56+00:00\" \/>\n<meta name=\"twitter:card\" content=\"summary_large_image\" \/>\n<meta name=\"twitter:label1\" content=\"Estimated reading time\" \/>\n\t<meta name=\"twitter:data1\" content=\"1 minute\" \/>\n<script type=\"application\/ld+json\" class=\"yoast-schema-graph\">{\"@context\":\"https:\\\/\\\/schema.org\",\"@graph\":[{\"@type\":\"WebPage\",\"@id\":\"https:\\\/\\\/arquimbauasesores.net\\\/contacto\\\/\",\"url\":\"https:\\\/\\\/arquimbauasesores.net\\\/contacto\\\/\",\"name\":\"Contacto - ARQUIMBAU ASESORES | Asesor&iacute;a Fiscal, Contable, Laboral y Mercantil\",\"isPartOf\":{\"@id\":\"https:\\\/\\\/arquimbauasesores.net\\\/#website\"},\"datePublished\":\"2025-12-03T16:12:31+00:00\",\"dateModified\":\"2025-12-12T10:48:56+00:00\",\"description\":\"Contacta con ARQUIMBAU ASESORES para recibir asesor\u00eda fiscal, contable, laboral y mercantil. Atenci\u00f3n profesional para aut\u00f3nomos, empresas y particulares.\",\"breadcrumb\":{\"@id\":\"https:\\\/\\\/arquimbauasesores.net\\\/contacto\\\/#breadcrumb\"},\"inLanguage\":\"en-GB\",\"potentialAction\":[{\"@type\":\"ReadAction\",\"target\":[\"https:\\\/\\\/arquimbauasesores.net\\\/contacto\\\/\"]}]},{\"@type\":\"BreadcrumbList\",\"@id\":\"https:\\\/\\\/arquimbauasesores.net\\\/contacto\\\/#breadcrumb\",\"itemListElement\":[{\"@type\":\"ListItem\",\"position\":1,\"name\":\"Portada\",\"item\":\"https:\\\/\\\/arquimbauasesores.net\\\/\"},{\"@type\":\"ListItem\",\"position\":2,\"name\":\"Contacto\"}]},{\"@type\":\"WebSite\",\"@id\":\"https:\\\/\\\/arquimbauasesores.net\\\/#website\",\"url\":\"https:\\\/\\\/arquimbauasesores.net\\\/\",\"name\":\"Arquimbau Asesores\",\"description\":\"Despacho especialista en asesor&iacute;a fiscal, mercantil, contable y laboral para aut&oacute;nomos, empresas y particulares\",\"potentialAction\":[{\"@type\":\"SearchAction\",\"target\":{\"@type\":\"EntryPoint\",\"urlTemplate\":\"https:\\\/\\\/arquimbauasesores.net\\\/?s={search_term_string}\"},\"query-input\":{\"@type\":\"PropertyValueSpecification\",\"valueRequired\":true,\"valueName\":\"search_term_string\"}}],\"inLanguage\":\"en-GB\"}]}<\/script>\n<!-- \/ Yoast SEO plugin. -->","yoast_head_json":{"title":"Contacto - ARQUIMBAU ASESORES | Asesor&iacute;a Fiscal, Contable, Laboral y Mercantil","description":"Contacta con ARQUIMBAU ASESORES para recibir asesor\u00eda fiscal, contable, laboral y mercantil. Atenci\u00f3n profesional para aut\u00f3nomos, empresas y particulares.","robots":{"index":"index","follow":"follow","max-snippet":"max-snippet:-1","max-image-preview":"max-image-preview:large","max-video-preview":"max-video-preview:-1"},"canonical":"https:\/\/arquimbauasesores.net\/en\/contacto\/","og_locale":"en_GB","og_type":"article","og_title":"Contacto - ARQUIMBAU ASESORES | Asesor&iacute;a Fiscal, Contable, Laboral y Mercantil","og_description":"Contacta con ARQUIMBAU ASESORES para recibir asesor\u00eda fiscal, contable, laboral y mercantil. Atenci\u00f3n profesional para aut\u00f3nomos, empresas y particulares.","og_url":"https:\/\/arquimbauasesores.net\/en\/contacto\/","og_site_name":"ARQUIMBAU ASESORES | Asesor&iacute;a Fiscal, Contable, Laboral y Mercantil","article_modified_time":"2025-12-12T10:48:56+00:00","twitter_card":"summary_large_image","twitter_misc":{"Estimated reading time":"1 minute"},"schema":{"@context":"https:\/\/schema.org","@graph":[{"@type":"WebPage","@id":"https:\/\/arquimbauasesores.net\/contacto\/","url":"https:\/\/arquimbauasesores.net\/contacto\/","name":"Contacto - ARQUIMBAU ASESORES | Asesor&iacute;a Fiscal, Contable, Laboral y Mercantil","isPartOf":{"@id":"https:\/\/arquimbauasesores.net\/#website"},"datePublished":"2025-12-03T16:12:31+00:00","dateModified":"2025-12-12T10:48:56+00:00","description":"Contacta con ARQUIMBAU ASESORES para recibir asesor\u00eda fiscal, contable, laboral y mercantil. Atenci\u00f3n profesional para aut\u00f3nomos, empresas y particulares.","breadcrumb":{"@id":"https:\/\/arquimbauasesores.net\/contacto\/#breadcrumb"},"inLanguage":"en-GB","potentialAction":[{"@type":"ReadAction","target":["https:\/\/arquimbauasesores.net\/contacto\/"]}]},{"@type":"BreadcrumbList","@id":"https:\/\/arquimbauasesores.net\/contacto\/#breadcrumb","itemListElement":[{"@type":"ListItem","position":1,"name":"Portada","item":"https:\/\/arquimbauasesores.net\/"},{"@type":"ListItem","position":2,"name":"Contacto"}]},{"@type":"WebSite","@id":"https:\/\/arquimbauasesores.net\/#website","url":"https:\/\/arquimbauasesores.net\/","name":"Arquimbau Asesores","description":"Despacho especialista en asesor&iacute;a fiscal, mercantil, contable y laboral para aut&oacute;nomos, empresas y particulares","potentialAction":[{"@type":"SearchAction","target":{"@type":"EntryPoint","urlTemplate":"https:\/\/arquimbauasesores.net\/?s={search_term_string}"},"query-input":{"@type":"PropertyValueSpecification","valueRequired":true,"valueName":"search_term_string"}}],"inLanguage":"en-GB"}]}},"_links":{"self":[{"href":"https:\/\/arquimbauasesores.net\/en\/wp-json\/wp\/v2\/pages\/16","targetHints":{"allow":["GET"]}}],"collection":[{"href":"https:\/\/arquimbauasesores.net\/en\/wp-json\/wp\/v2\/pages"}],"about":[{"href":"https:\/\/arquimbauasesores.net\/en\/wp-json\/wp\/v2\/types\/page"}],"author":[{"embeddable":true,"href":"https:\/\/arquimbauasesores.net\/en\/wp-json\/wp\/v2\/users\/2"}],"replies":[{"embeddable":true,"href":"https:\/\/arquimbauasesores.net\/en\/wp-json\/wp\/v2\/comments?post=16"}],"version-history":[{"count":16,"href":"https:\/\/arquimbauasesores.net\/en\/wp-json\/wp\/v2\/pages\/16\/revisions"}],"predecessor-version":[{"id":437,"href":"https:\/\/arquimbauasesores.net\/en\/wp-json\/wp\/v2\/pages\/16\/revisions\/437"}],"wp:attachment":[{"href":"https:\/\/arquimbauasesores.net\/en\/wp-json\/wp\/v2\/media?parent=16"}],"curies":[{"name":"wp","href":"https:\/\/api.w.org\/{rel}","templated":true}]}}