{"id":14,"date":"2025-12-03T16:10:11","date_gmt":"2025-12-03T16:10:11","guid":{"rendered":"https:\/\/arquimbauasesores.net\/?page_id=14"},"modified":"2025-12-12T10:48:21","modified_gmt":"2025-12-12T10:48:21","slug":"servicios","status":"publish","type":"page","link":"https:\/\/arquimbauasesores.net\/en\/servicios\/","title":{"rendered":"Services"},"content":{"rendered":"<div class=\"wp-block-columns is-layout-flex wp-container-core-columns-is-layout-28f84493 wp-block-columns-is-layout-flex\">\n<div class=\"wp-block-column is-layout-flow wp-block-column-is-layout-flow\" style=\"flex-basis:40%\">\n<h2 class=\"wp-block-heading has-text-align-left\" style=\"line-height:1.1\">Our services, tailored to you.<\/h2>\n<\/div>\n\n\n\n<div class=\"wp-block-column is-layout-flow wp-container-core-column-is-layout-f5bb311e wp-block-column-is-layout-flow\" style=\"flex-basis:60%\">\n<h3 class=\"wp-block-heading has-text-align-left has-system-font-font-family\" style=\"line-height:1.1\">Professionalism, closeness, trust and innovation.<\/h3>\n\n\n\n<p>Your goals deserve an impeccable financial strategy.<\/p>\n<\/div>\n<\/div>\n\n\n\n<div style=\"height:40px\" aria-hidden=\"true\" class=\"wp-block-spacer\"><\/div>\n\n\n\n<figure class=\"wp-block-video\"><video height=\"1080\" style=\"aspect-ratio: 1920 \/ 1080;\" width=\"1920\" autoplay loop muted src=\"https:\/\/arquimbauasesores.net\/wp-content\/uploads\/2025\/12\/arquimbauasesores-14.mp4\" playsinline><\/video><\/figure>\n\n\n\n<div style=\"height:70px\" aria-hidden=\"true\" class=\"wp-block-spacer\"><\/div>\n\n\n\n<div class=\"wp-block-columns is-layout-flex wp-container-core-columns-is-layout-28f84493 wp-block-columns-is-layout-flex\">\n<div class=\"wp-block-column is-layout-flow wp-block-column-is-layout-flow\" style=\"flex-basis:66.66%\">\n<h3 class=\"wp-block-heading has-text-align-left has-system-font-font-family\" style=\"line-height:1.1\">Request personalised information about our services.<\/h3>\n<\/div>\n\n\n\n<div class=\"wp-block-column is-layout-flow wp-block-column-is-layout-flow\" style=\"flex-basis:33.33%\"><\/div>\n<\/div>\n\n\n\n<div class=\"wp-block-columns is-layout-flex wp-container-core-columns-is-layout-a9757c1b wp-block-columns-is-layout-flex\" style=\"padding-right:0;padding-left:0\">\n<div class=\"wp-block-column has-custom-color-2-background-color has-background is-layout-flow wp-container-core-column-is-layout-843c5e03 wp-block-column-is-layout-flow\" style=\"border-radius:20px;padding-top:20px;padding-right:30px;padding-bottom:20px;padding-left:30px\">\n<p style=\"text-transform:uppercase\">\u2192 Accounting:<\/p>\n\n\n\n<p>Accounting for companies and the self-employed, preparation of balance sheets, legalisation of accounting books, and preparation and filing of annual accounts.<\/p>\n<\/div>\n\n\n\n<div class=\"wp-block-column has-custom-color-3-background-color has-background is-layout-flow wp-container-core-column-is-layout-843c5e03 wp-block-column-is-layout-flow\" style=\"border-radius:20px;padding-top:20px;padding-right:30px;padding-bottom:20px;padding-left:30px\">\n<p style=\"text-transform:uppercase\">\u2192 Labour<\/p>\n\n\n\n<p>Procedures for self-employed professionals and other formalities in collaboration with an external firm.<\/p>\n<\/div>\n\n\n\n<div class=\"wp-block-column has-background is-layout-flow wp-container-core-column-is-layout-843c5e03 wp-block-column-is-layout-flow\" style=\"border-radius:20px;background-color:#bbd2e9;padding-top:20px;padding-right:30px;padding-bottom:20px;padding-left:30px\">\n<p style=\"text-transform:uppercase\">\u2192 Legal:<\/p>\n\n\n\n<p>Commercial transactions, attendance at meetings, drafting of minutes, management of the shareholders\u2019 and partners\u2019 register, as well as the contracts register.<\/p>\n\n\n\n<p>Drafting of tenancy agreements, loan agreements and acknowledgements of debt.<\/p>\n<\/div>\n<\/div>\n\n\n\n<div class=\"wp-block-columns is-layout-flex wp-container-core-columns-is-layout-a9757c1b wp-block-columns-is-layout-flex\" style=\"padding-right:0;padding-left:0\">\n<div class=\"wp-block-column has-background is-layout-flow wp-container-core-column-is-layout-843c5e03 wp-block-column-is-layout-flow\" style=\"border-radius:20px;background:linear-gradient(135deg,rgb(179,212,236) 1%,rgb(235,239,242) 100%);padding-top:20px;padding-right:30px;padding-bottom:20px;padding-left:30px\">\n<p style=\"text-transform:uppercase\">\u2192 Tax:<\/p>\n\n\n\n<p>Tax planning, corporation tax, personal income tax (IRPF), wealth tax, VAT, non-resident income tax, ETE (Bank of Spain), and reporting of foreign investments and holdings (D4, D6, D8, 720).<\/p>\n\n\n\n<p>Advice on inheritance, succession and donations.\u00a0<\/p>\n<\/div>\n\n\n\n<div class=\"wp-block-column is-layout-flow wp-container-core-column-is-layout-843c5e03 wp-block-column-is-layout-flow\" style=\"border-radius:20px;padding-top:20px;padding-right:30px;padding-bottom:20px;padding-left:30px\">\n<p style=\"text-transform:uppercase\">\u2192 Other Services:<\/p>\n\n\n\n<p>Management of notarial documentation before Public Authorities at both regional and national level (forms 600, 650, 651, I.V.T.N.U.), as well as its processing before the corresponding Registry.&nbsp;<\/p>\n\n\n\n<p>Procedures with the D.G.T. (Directorate General of Traffic).&nbsp;<\/p>\n\n\n\n<p>Any other procedure or handling of public or private documents before any Authority.<\/p>\n<\/div>\n<\/div>\n\n\n\n<div class=\"wp-block-buttons is-content-justification-right is-layout-flex wp-container-core-buttons-is-layout-d445cf74 wp-block-buttons-is-layout-flex\">\n<div class=\"wp-block-button\"><a class=\"wp-block-button__link has-custom-color-2-background-color has-background wp-element-button\" href=\"https:\/\/arquimbauasesores.net\/en\/contacto\/\" style=\"border-radius:100px\">CONTACT US<\/a><\/div>\n<\/div>","protected":false},"excerpt":{"rendered":"<p>Nuestros servicios, a tu medida. Profesionalidad, cercania, confianza e innovaci\u00f3n. Tus objetivos merecen una estrategia financiera impecable. Solicite informaci\u00f3n personalizada sobre nuestros servicios. \u2192 Contable: Contabilidad de empresas y aut\u00f3nomos, confecci\u00f3n de balances, legalizaci\u00f3n de libros, confecci\u00f3n y presentaci\u00f3n de cuentas anuales. \u2192 Laboral: Gestiones de aut\u00f3nomos y resto de tr\u00e1mites en colaboraci\u00f3n con un [&hellip;]<\/p>\n","protected":false},"author":2,"featured_media":0,"parent":0,"menu_order":0,"comment_status":"closed","ping_status":"closed","template":"","meta":{"footnotes":""},"class_list":["post-14","page","type-page","status-publish","hentry"],"yoast_head":"<!-- This site is optimized with the Yoast SEO plugin v27.5 - https:\/\/yoast.com\/product\/yoast-seo-wordpress\/ -->\n<title>Servicios - ARQUIMBAU ASESORES | Asesor&iacute;a Fiscal, Contable, Laboral y Mercantil<\/title>\n<meta name=\"description\" content=\"Servicios de asesor\u00eda fiscal, contable, laboral y mercantil para aut\u00f3nomos, empresas y particulares. Soluciones integrales con el respaldo de ARQUIMBAU ASESORES.\" \/>\n<meta name=\"robots\" content=\"index, follow, max-snippet:-1, max-image-preview:large, max-video-preview:-1\" \/>\n<link rel=\"canonical\" href=\"https:\/\/arquimbauasesores.net\/en\/servicios\/\" \/>\n<meta property=\"og:locale\" content=\"en_GB\" \/>\n<meta property=\"og:type\" content=\"article\" \/>\n<meta property=\"og:title\" content=\"Servicios - ARQUIMBAU ASESORES | Asesor&iacute;a Fiscal, Contable, Laboral y Mercantil\" \/>\n<meta property=\"og:description\" content=\"Servicios de asesor\u00eda fiscal, contable, laboral y mercantil para aut\u00f3nomos, empresas y particulares. Soluciones integrales con el respaldo de ARQUIMBAU ASESORES.\" \/>\n<meta property=\"og:url\" content=\"https:\/\/arquimbauasesores.net\/en\/servicios\/\" \/>\n<meta property=\"og:site_name\" content=\"ARQUIMBAU ASESORES | Asesor&iacute;a Fiscal, Contable, Laboral y Mercantil\" \/>\n<meta property=\"article:modified_time\" content=\"2025-12-12T10:48:21+00:00\" \/>\n<meta name=\"twitter:card\" content=\"summary_large_image\" \/>\n<meta name=\"twitter:label1\" content=\"Estimated reading time\" \/>\n\t<meta name=\"twitter:data1\" content=\"1 minute\" \/>\n<script type=\"application\/ld+json\" class=\"yoast-schema-graph\">{\"@context\":\"https:\\\/\\\/schema.org\",\"@graph\":[{\"@type\":\"WebPage\",\"@id\":\"https:\\\/\\\/arquimbauasesores.net\\\/servicios\\\/\",\"url\":\"https:\\\/\\\/arquimbauasesores.net\\\/servicios\\\/\",\"name\":\"Servicios - ARQUIMBAU ASESORES | Asesor&iacute;a Fiscal, Contable, Laboral y Mercantil\",\"isPartOf\":{\"@id\":\"https:\\\/\\\/arquimbauasesores.net\\\/#website\"},\"datePublished\":\"2025-12-03T16:10:11+00:00\",\"dateModified\":\"2025-12-12T10:48:21+00:00\",\"description\":\"Servicios de asesor\u00eda fiscal, contable, laboral y mercantil para aut\u00f3nomos, empresas y particulares. Soluciones integrales con el respaldo de ARQUIMBAU ASESORES.\",\"breadcrumb\":{\"@id\":\"https:\\\/\\\/arquimbauasesores.net\\\/servicios\\\/#breadcrumb\"},\"inLanguage\":\"en-GB\",\"potentialAction\":[{\"@type\":\"ReadAction\",\"target\":[\"https:\\\/\\\/arquimbauasesores.net\\\/servicios\\\/\"]}]},{\"@type\":\"BreadcrumbList\",\"@id\":\"https:\\\/\\\/arquimbauasesores.net\\\/servicios\\\/#breadcrumb\",\"itemListElement\":[{\"@type\":\"ListItem\",\"position\":1,\"name\":\"Portada\",\"item\":\"https:\\\/\\\/arquimbauasesores.net\\\/\"},{\"@type\":\"ListItem\",\"position\":2,\"name\":\"Servicios\"}]},{\"@type\":\"WebSite\",\"@id\":\"https:\\\/\\\/arquimbauasesores.net\\\/#website\",\"url\":\"https:\\\/\\\/arquimbauasesores.net\\\/\",\"name\":\"Arquimbau Asesores\",\"description\":\"Despacho especialista en asesor&iacute;a fiscal, mercantil, contable y laboral para aut&oacute;nomos, empresas y particulares\",\"potentialAction\":[{\"@type\":\"SearchAction\",\"target\":{\"@type\":\"EntryPoint\",\"urlTemplate\":\"https:\\\/\\\/arquimbauasesores.net\\\/?s={search_term_string}\"},\"query-input\":{\"@type\":\"PropertyValueSpecification\",\"valueRequired\":true,\"valueName\":\"search_term_string\"}}],\"inLanguage\":\"en-GB\"}]}<\/script>\n<!-- \/ Yoast SEO plugin. -->","yoast_head_json":{"title":"Servicios - ARQUIMBAU ASESORES | Asesor&iacute;a Fiscal, Contable, Laboral y Mercantil","description":"Servicios de asesor\u00eda fiscal, contable, laboral y mercantil para aut\u00f3nomos, empresas y particulares. Soluciones integrales con el respaldo de ARQUIMBAU ASESORES.","robots":{"index":"index","follow":"follow","max-snippet":"max-snippet:-1","max-image-preview":"max-image-preview:large","max-video-preview":"max-video-preview:-1"},"canonical":"https:\/\/arquimbauasesores.net\/en\/servicios\/","og_locale":"en_GB","og_type":"article","og_title":"Servicios - ARQUIMBAU ASESORES | Asesor&iacute;a Fiscal, Contable, Laboral y Mercantil","og_description":"Servicios de asesor\u00eda fiscal, contable, laboral y mercantil para aut\u00f3nomos, empresas y particulares. Soluciones integrales con el respaldo de ARQUIMBAU ASESORES.","og_url":"https:\/\/arquimbauasesores.net\/en\/servicios\/","og_site_name":"ARQUIMBAU ASESORES | Asesor&iacute;a Fiscal, Contable, Laboral y Mercantil","article_modified_time":"2025-12-12T10:48:21+00:00","twitter_card":"summary_large_image","twitter_misc":{"Estimated reading time":"1 minute"},"schema":{"@context":"https:\/\/schema.org","@graph":[{"@type":"WebPage","@id":"https:\/\/arquimbauasesores.net\/servicios\/","url":"https:\/\/arquimbauasesores.net\/servicios\/","name":"Servicios - ARQUIMBAU ASESORES | Asesor&iacute;a Fiscal, Contable, Laboral y Mercantil","isPartOf":{"@id":"https:\/\/arquimbauasesores.net\/#website"},"datePublished":"2025-12-03T16:10:11+00:00","dateModified":"2025-12-12T10:48:21+00:00","description":"Servicios de asesor\u00eda fiscal, contable, laboral y mercantil para aut\u00f3nomos, empresas y particulares. Soluciones integrales con el respaldo de ARQUIMBAU ASESORES.","breadcrumb":{"@id":"https:\/\/arquimbauasesores.net\/servicios\/#breadcrumb"},"inLanguage":"en-GB","potentialAction":[{"@type":"ReadAction","target":["https:\/\/arquimbauasesores.net\/servicios\/"]}]},{"@type":"BreadcrumbList","@id":"https:\/\/arquimbauasesores.net\/servicios\/#breadcrumb","itemListElement":[{"@type":"ListItem","position":1,"name":"Portada","item":"https:\/\/arquimbauasesores.net\/"},{"@type":"ListItem","position":2,"name":"Servicios"}]},{"@type":"WebSite","@id":"https:\/\/arquimbauasesores.net\/#website","url":"https:\/\/arquimbauasesores.net\/","name":"Arquimbau Asesores","description":"Despacho especialista en asesor&iacute;a fiscal, mercantil, contable y laboral para aut&oacute;nomos, empresas y particulares","potentialAction":[{"@type":"SearchAction","target":{"@type":"EntryPoint","urlTemplate":"https:\/\/arquimbauasesores.net\/?s={search_term_string}"},"query-input":{"@type":"PropertyValueSpecification","valueRequired":true,"valueName":"search_term_string"}}],"inLanguage":"en-GB"}]}},"_links":{"self":[{"href":"https:\/\/arquimbauasesores.net\/en\/wp-json\/wp\/v2\/pages\/14","targetHints":{"allow":["GET"]}}],"collection":[{"href":"https:\/\/arquimbauasesores.net\/en\/wp-json\/wp\/v2\/pages"}],"about":[{"href":"https:\/\/arquimbauasesores.net\/en\/wp-json\/wp\/v2\/types\/page"}],"author":[{"embeddable":true,"href":"https:\/\/arquimbauasesores.net\/en\/wp-json\/wp\/v2\/users\/2"}],"replies":[{"embeddable":true,"href":"https:\/\/arquimbauasesores.net\/en\/wp-json\/wp\/v2\/comments?post=14"}],"version-history":[{"count":21,"href":"https:\/\/arquimbauasesores.net\/en\/wp-json\/wp\/v2\/pages\/14\/revisions"}],"predecessor-version":[{"id":396,"href":"https:\/\/arquimbauasesores.net\/en\/wp-json\/wp\/v2\/pages\/14\/revisions\/396"}],"wp:attachment":[{"href":"https:\/\/arquimbauasesores.net\/en\/wp-json\/wp\/v2\/media?parent=14"}],"curies":[{"name":"wp","href":"https:\/\/api.w.org\/{rel}","templated":true}]}}